{"id":2258,"date":"2021-06-28T15:30:50","date_gmt":"2021-06-28T13:30:50","guid":{"rendered":"https:\/\/www.dobbiacocortina.org\/?page_id=2258"},"modified":"2026-03-10T12:22:27","modified_gmt":"2026-03-10T11:22:27","slug":"impressum","status":"publish","type":"page","link":"https:\/\/www.dobbiacocortina.org\/it\/impressum\/","title":{"rendered":"Impressum"},"content":{"rendered":"\t\t<div data-elementor-type=\"wp-page\" data-elementor-id=\"2258\" class=\"elementor elementor-2258 elementor-2230\">\n\t\t\t\t\t\t<section class=\"elementor-section elementor-top-section elementor-element elementor-element-3919fcd elementor-section-boxed elementor-section-height-default elementor-section-height-default\" data-id=\"3919fcd\" data-element_type=\"section\" id=\"details\" data-settings=\"{&quot;jet_parallax_layout_list&quot;:[{&quot;jet_parallax_layout_image&quot;:{&quot;url&quot;:&quot;&quot;,&quot;id&quot;:&quot;&quot;,&quot;size&quot;:&quot;&quot;},&quot;_id&quot;:&quot;96b9732&quot;,&quot;jet_parallax_layout_speed&quot;:{&quot;unit&quot;:&quot;%&quot;,&quot;size&quot;:&quot;50&quot;,&quot;sizes&quot;:[]},&quot;jet_parallax_layout_bg_x&quot;:&quot;50&quot;,&quot;jet_parallax_layout_bg_y&quot;:&quot;50&quot;,&quot;jet_parallax_layout_image_tablet&quot;:{&quot;url&quot;:&quot;&quot;,&quot;id&quot;:&quot;&quot;,&quot;size&quot;:&quot;&quot;},&quot;jet_parallax_layout_image_mobile&quot;:{&quot;url&quot;:&quot;&quot;,&quot;id&quot;:&quot;&quot;,&quot;size&quot;:&quot;&quot;},&quot;jet_parallax_layout_type&quot;:&quot;scroll&quot;,&quot;jet_parallax_layout_direction&quot;:&quot;1&quot;,&quot;jet_parallax_layout_fx_direction&quot;:null,&quot;jet_parallax_layout_z_index&quot;:&quot;&quot;,&quot;jet_parallax_layout_bg_x_tablet&quot;:&quot;&quot;,&quot;jet_parallax_layout_bg_x_mobile&quot;:&quot;&quot;,&quot;jet_parallax_layout_bg_y_tablet&quot;:&quot;&quot;,&quot;jet_parallax_layout_bg_y_mobile&quot;:&quot;&quot;,&quot;jet_parallax_layout_bg_size&quot;:&quot;auto&quot;,&quot;jet_parallax_layout_bg_size_tablet&quot;:&quot;&quot;,&quot;jet_parallax_layout_bg_size_mobile&quot;:&quot;&quot;,&quot;jet_parallax_layout_animation_prop&quot;:&quot;transform&quot;,&quot;jet_parallax_layout_on&quot;:[&quot;desktop&quot;,&quot;tablet&quot;]}]}\">\n\t\t\t\t\t\t<div class=\"elementor-container elementor-column-gap-default\">\n\t\t\t\t\t<div class=\"elementor-column elementor-col-100 elementor-top-column elementor-element elementor-element-97cc767\" data-id=\"97cc767\" data-element_type=\"column\">\n\t\t\t<div class=\"elementor-widget-wrap elementor-element-populated\">\n\t\t\t\t\t\t<div class=\"elementor-element elementor-element-0ae1210 elementor-tablet-align-left elementor-align-left elementor-widget elementor-widget-raven-heading\" data-id=\"0ae1210\" data-element_type=\"widget\" data-widget_type=\"raven-heading.default\">\n\t\t\t\t<div class=\"elementor-widget-container\">\n\t\t\t\t\t\t\t<div class=\"raven-widget-wrapper\"><h2 class=\"raven-heading raven-heading-h2\"><span class=\"raven-heading-title \">Impressum<\/span><\/h2><\/div>\r\n\t\t\t\t\t\t<\/div>\n\t\t\t\t<\/div>\n\t\t\t\t<div class=\"elementor-element elementor-element-4ecb20a elementor-widget elementor-widget-text-editor\" data-id=\"4ecb20a\" data-element_type=\"widget\" data-widget_type=\"text-editor.default\">\n\t\t\t\t<div class=\"elementor-widget-container\">\n\t\t\t\t\t\t\t\t\t<p><strong>Proprietario e responsabile per il contenuto:<br>\n<\/strong>C.O. Dobbiaco-Cortina<br>\nVia dei Campi 8a, 32043 Cortina d\u2019Ampezzo<br>\nTel. +39 329 2417437<br>\nE-Mail:&nbsp;<a class=\"mail\" title=\"Opens internal link in current window\" href=\"mailto:info@dobbiacocortina.org\">info@dobbiacocortina.org<\/a><br>\nWeb:&nbsp;<a class=\"external-link-new-window\" title=\"Opens internal link in current window\" href=\"https:\/\/www.dobbiacocortina.org\/\">www.dobbiacocortina.org<\/a><br>\nMwSt.-Nr. + St.Nr. IT00628370256<br>\nPEC:&nbsp;<a class=\"mail\" title=\"Opens internal link in current window\" href=\"mailto:dobbiacocortina@pec.it\">dobbiacocortina@pec.it<\/a><\/p>\n<p><strong>Materiale fotografico:<\/strong><br>\nArchivio, Harald Wisthaler, Sportograf, Newspower, Visma Skiclassics<\/p>\n<p><strong>Avviso di responsabilit\u00e0:<\/strong><br>\nI marchi e le societ\u00e0 citate su questo sito sono di propriet\u00e0 del apposito titolare.<br>\nNonostante l\u2019attento controllo dei contenuti, non assumiamo nessuna responsabilit\u00e0 per i contenuti relativi a link esterni. Sono responsabili per il contenuto delle pagine collegate esclusivamente i gestori delle pagine stesse.<\/p>\t\t\t\t\t\t\t\t<\/div>\n\t\t\t\t<\/div>\n\t\t\t\t<div class=\"elementor-element elementor-element-13b0ebd elementor-widget elementor-widget-text-editor\" data-id=\"13b0ebd\" data-element_type=\"widget\" data-widget_type=\"text-editor.default\">\n\t\t\t\t<div class=\"elementor-widget-container\">\n\t\t\t\t\t\t\t\t\t<p><strong>Realizzazione, Concetto &amp; Design:<br \/><\/strong>Fuchsdesign<br \/>Via Dolomiti 25a, 39034 Dobbiaco<br \/>Alto Adige \u2013 Italia<br \/>Tel +39 0474 979 048<br \/><a href=\"mailto:info@fuchsdesign.it\">info@fuchsdesign.it<\/a><br \/><a class=\"external-link-new-window\" title=\"Opens external link in new window\" href=\"https:\/\/www.fuchsdesign.it\" target=\"_blank\" rel=\"noopener noreferrer\">www.fuchsdesign.it<\/a><\/p><p><strong>Informazione obbligatoria ai sensi del Regolamento UE n. 524\/2016 del Parlamento europeo e del Consiglio<\/strong><br \/>Piattaforma per la risoluzione delle controversie online dei consumatori (ODR) della Commissione europea: <a href=\"https:\/\/ec.europa.eu\/consumers\/odr\/\" target=\"_blank\" rel=\"noopener noreferrer\">https:\/\/ec.europa.eu\/consumers\/odr\/<\/a><\/p><p><b>Obblighi di pubblicit\u00e0 e trasparenza per i contributi pubblici (art. 1, commi 125 e 127 della Legge n. 124\/2017)<br \/><\/b>Contributi pubblici percepiti da C.O. Dobbiaco\/Toblach \u2013 Cortina:<br \/><a href=\"https:\/\/www.dobbiacocortina.org\/wp-content\/uploads\/Contributi-pubblici-percepiti-2025.pdf\" target=\"_blank\" rel=\"noopener\">2025<\/a><br \/><a href=\"https:\/\/www.dobbiacocortina.org\/wp-content\/uploads\/Contributi-pubblici-percepiti-2024.pdf\" target=\"_blank\" rel=\"noopener\">2024<\/a><br \/><a href=\"https:\/\/www.dobbiacocortina.org\/wp-content\/uploads\/Contributi-pubblici-percepiti-2023.pdf\" target=\"_blank\" rel=\"noopener\">2023<\/a><br \/><a href=\"https:\/\/www.dobbiacocortina.org\/wp-content\/uploads\/Contributi-pubblici-percepiti-2022.pdf\" target=\"_blank\" rel=\"noopener\">2022<\/a><br \/><a href=\"https:\/\/www.dobbiacocortina.org\/wp-content\/uploads\/Contributi-pubblici-percepiti-2021.pdf\" target=\"_blank\" rel=\"noopener\">2021<\/a><br \/><a class=\"download\" title=\"Opens internal link in current window\" href=\"\/wp-content\/uploads\/Contributi_pubblici_percepiti_2020.pdf\" target=\"_blank\" rel=\"noopener\">2020<\/a><br \/><a class=\"download\" title=\"Opens internal link in current window\" href=\"\/wp-content\/uploads\/Contributi_pubblici_percepiti_2019.pdf\" target=\"_blank\" rel=\"noopener\">2019<\/a><br \/><a class=\"download\" title=\"Opens internal link in current window\" href=\"\/wp-content\/uploads\/Contributi_pubblici_percepiti_2018.pdf\" target=\"_blank\" rel=\"noopener\">2018<\/a><\/p>\t\t\t\t\t\t\t\t<\/div>\n\t\t\t\t<\/div>\n\t\t\t\t\t<\/div>\n\t\t<\/div>\n\t\t\t\t\t<\/div>\n\t\t<\/section>\n\t\t\t\t<\/div>\n\t\t","protected":false},"excerpt":{"rendered":"<p>Impressum Proprietario e responsabile per il contenuto: C.O. Dobbiaco-Cortina Via dei Campi 8a, 32043 Cortina d\u2019Ampezzo Tel. +39 329 2417437 E-Mail:&nbsp;info@dobbiacocortina.org Web:&nbsp;www.dobbiacocortina.org MwSt.-Nr. + St.Nr. IT00628370256 PEC:&nbsp;dobbiacocortina@pec.it Materiale fotografico: Archivio, Harald Wisthaler, Sportograf, Newspower, Visma Skiclassics Avviso di responsabilit\u00e0: I marchi e le societ\u00e0 citate su questo sito sono di propriet\u00e0 del apposito titolare. Nonostante [&hellip;]<\/p>\n","protected":false},"author":1,"featured_media":0,"parent":0,"menu_order":0,"comment_status":"closed","ping_status":"closed","template":"elementor_header_footer","meta":{"_acf_changed":false,"footnotes":""},"class_list":["post-2258","page","type-page","status-publish","hentry"],"acf":[],"yoast_head":"<!-- This site is optimized with the Yoast SEO plugin v27.4 - https:\/\/yoast.com\/product\/yoast-seo-wordpress\/ -->\n<title>Impressum - Granfondo Dobbiaco Cortina Classic Skating<\/title>\n<meta name=\"robots\" content=\"index, follow, max-snippet:-1, max-image-preview:large, max-video-preview:-1\" \/>\n<link rel=\"canonical\" href=\"https:\/\/www.dobbiacocortina.org\/it\/impressum\/\" \/>\n<meta property=\"og:locale\" content=\"it_IT\" \/>\n<meta property=\"og:type\" content=\"article\" \/>\n<meta property=\"og:title\" content=\"Impressum - Granfondo Dobbiaco Cortina Classic Skating\" \/>\n<meta property=\"og:description\" content=\"Impressum Proprietario e responsabile per il contenuto: C.O. Dobbiaco-Cortina Via dei Campi 8a, 32043 Cortina d\u2019Ampezzo Tel. +39 329 2417437 E-Mail:&nbsp;info@dobbiacocortina.org Web:&nbsp;www.dobbiacocortina.org MwSt.-Nr. + St.Nr. IT00628370256 PEC:&nbsp;dobbiacocortina@pec.it Materiale fotografico: Archivio, Harald Wisthaler, Sportograf, Newspower, Visma Skiclassics Avviso di responsabilit\u00e0: I marchi e le societ\u00e0 citate su questo sito sono di propriet\u00e0 del apposito titolare. Nonostante [&hellip;]\" \/>\n<meta property=\"og:url\" content=\"https:\/\/www.dobbiacocortina.org\/it\/impressum\/\" \/>\n<meta property=\"og:site_name\" content=\"Granfondo Dobbiaco Cortina Classic Skating\" \/>\n<meta property=\"article:publisher\" content=\"https:\/\/www.facebook.com\/toblach.cortina\/\" \/>\n<meta property=\"article:modified_time\" content=\"2026-03-10T11:22:27+00:00\" \/>\n<meta name=\"twitter:card\" content=\"summary_large_image\" \/>\n<meta name=\"twitter:site\" content=\"@toblachcortina\" \/>\n<meta name=\"twitter:label1\" content=\"Tempo di lettura stimato\" \/>\n\t<meta name=\"twitter:data1\" content=\"1 minuto\" \/>\n<script type=\"application\/ld+json\" class=\"yoast-schema-graph\">{\"@context\":\"https:\\\/\\\/schema.org\",\"@graph\":[{\"@type\":\"WebPage\",\"@id\":\"https:\\\/\\\/www.dobbiacocortina.org\\\/it\\\/impressum\\\/\",\"url\":\"https:\\\/\\\/www.dobbiacocortina.org\\\/it\\\/impressum\\\/\",\"name\":\"Impressum - Granfondo Dobbiaco Cortina Classic Skating\",\"isPartOf\":{\"@id\":\"https:\\\/\\\/www.dobbiacocortina.org\\\/#website\"},\"datePublished\":\"2021-06-28T13:30:50+00:00\",\"dateModified\":\"2026-03-10T11:22:27+00:00\",\"breadcrumb\":{\"@id\":\"https:\\\/\\\/www.dobbiacocortina.org\\\/it\\\/impressum\\\/#breadcrumb\"},\"inLanguage\":\"it-IT\",\"potentialAction\":[{\"@type\":\"ReadAction\",\"target\":[\"https:\\\/\\\/www.dobbiacocortina.org\\\/it\\\/impressum\\\/\"]}]},{\"@type\":\"BreadcrumbList\",\"@id\":\"https:\\\/\\\/www.dobbiacocortina.org\\\/it\\\/impressum\\\/#breadcrumb\",\"itemListElement\":[{\"@type\":\"ListItem\",\"position\":1,\"name\":\"Startseite\",\"item\":\"https:\\\/\\\/www.dobbiacocortina.org\\\/it\\\/\"},{\"@type\":\"ListItem\",\"position\":2,\"name\":\"Impressum\"}]},{\"@type\":\"WebSite\",\"@id\":\"https:\\\/\\\/www.dobbiacocortina.org\\\/#website\",\"url\":\"https:\\\/\\\/www.dobbiacocortina.org\\\/\",\"name\":\"Dobbiaco Cortina\",\"description\":\"\",\"publisher\":{\"@id\":\"https:\\\/\\\/www.dobbiacocortina.org\\\/#organization\"},\"potentialAction\":[{\"@type\":\"SearchAction\",\"target\":{\"@type\":\"EntryPoint\",\"urlTemplate\":\"https:\\\/\\\/www.dobbiacocortina.org\\\/?s={search_term_string}\"},\"query-input\":{\"@type\":\"PropertyValueSpecification\",\"valueRequired\":true,\"valueName\":\"search_term_string\"}}],\"inLanguage\":\"it-IT\"},{\"@type\":\"Organization\",\"@id\":\"https:\\\/\\\/www.dobbiacocortina.org\\\/#organization\",\"name\":\"Toblach - Cortina\",\"url\":\"https:\\\/\\\/www.dobbiacocortina.org\\\/\",\"logo\":{\"@type\":\"ImageObject\",\"inLanguage\":\"it-IT\",\"@id\":\"https:\\\/\\\/www.dobbiacocortina.org\\\/#\\\/schema\\\/logo\\\/image\\\/\",\"url\":\"https:\\\/\\\/www.dobbiacocortina.org\\\/wp-content\\\/uploads\\\/Logo-Toblach_Cortina.png\",\"contentUrl\":\"https:\\\/\\\/www.dobbiacocortina.org\\\/wp-content\\\/uploads\\\/Logo-Toblach_Cortina.png\",\"width\":300,\"height\":300,\"caption\":\"Toblach - Cortina\"},\"image\":{\"@id\":\"https:\\\/\\\/www.dobbiacocortina.org\\\/#\\\/schema\\\/logo\\\/image\\\/\"},\"sameAs\":[\"https:\\\/\\\/www.facebook.com\\\/toblach.cortina\\\/\",\"https:\\\/\\\/x.com\\\/toblachcortina\",\"https:\\\/\\\/www.instagram.com\\\/dobbiacocortina\\\/\"]}]}<\/script>\n<!-- \/ Yoast SEO plugin. -->","yoast_head_json":{"title":"Impressum - Granfondo Dobbiaco Cortina Classic Skating","robots":{"index":"index","follow":"follow","max-snippet":"max-snippet:-1","max-image-preview":"max-image-preview:large","max-video-preview":"max-video-preview:-1"},"canonical":"https:\/\/www.dobbiacocortina.org\/it\/impressum\/","og_locale":"it_IT","og_type":"article","og_title":"Impressum - Granfondo Dobbiaco Cortina Classic Skating","og_description":"Impressum Proprietario e responsabile per il contenuto: C.O. Dobbiaco-Cortina Via dei Campi 8a, 32043 Cortina d\u2019Ampezzo Tel. +39 329 2417437 E-Mail:&nbsp;info@dobbiacocortina.org Web:&nbsp;www.dobbiacocortina.org MwSt.-Nr. + St.Nr. IT00628370256 PEC:&nbsp;dobbiacocortina@pec.it Materiale fotografico: Archivio, Harald Wisthaler, Sportograf, Newspower, Visma Skiclassics Avviso di responsabilit\u00e0: I marchi e le societ\u00e0 citate su questo sito sono di propriet\u00e0 del apposito titolare. Nonostante [&hellip;]","og_url":"https:\/\/www.dobbiacocortina.org\/it\/impressum\/","og_site_name":"Granfondo Dobbiaco Cortina Classic Skating","article_publisher":"https:\/\/www.facebook.com\/toblach.cortina\/","article_modified_time":"2026-03-10T11:22:27+00:00","twitter_card":"summary_large_image","twitter_site":"@toblachcortina","twitter_misc":{"Tempo di lettura stimato":"1 minuto"},"schema":{"@context":"https:\/\/schema.org","@graph":[{"@type":"WebPage","@id":"https:\/\/www.dobbiacocortina.org\/it\/impressum\/","url":"https:\/\/www.dobbiacocortina.org\/it\/impressum\/","name":"Impressum - Granfondo Dobbiaco Cortina Classic Skating","isPartOf":{"@id":"https:\/\/www.dobbiacocortina.org\/#website"},"datePublished":"2021-06-28T13:30:50+00:00","dateModified":"2026-03-10T11:22:27+00:00","breadcrumb":{"@id":"https:\/\/www.dobbiacocortina.org\/it\/impressum\/#breadcrumb"},"inLanguage":"it-IT","potentialAction":[{"@type":"ReadAction","target":["https:\/\/www.dobbiacocortina.org\/it\/impressum\/"]}]},{"@type":"BreadcrumbList","@id":"https:\/\/www.dobbiacocortina.org\/it\/impressum\/#breadcrumb","itemListElement":[{"@type":"ListItem","position":1,"name":"Startseite","item":"https:\/\/www.dobbiacocortina.org\/it\/"},{"@type":"ListItem","position":2,"name":"Impressum"}]},{"@type":"WebSite","@id":"https:\/\/www.dobbiacocortina.org\/#website","url":"https:\/\/www.dobbiacocortina.org\/","name":"Dobbiaco Cortina","description":"","publisher":{"@id":"https:\/\/www.dobbiacocortina.org\/#organization"},"potentialAction":[{"@type":"SearchAction","target":{"@type":"EntryPoint","urlTemplate":"https:\/\/www.dobbiacocortina.org\/?s={search_term_string}"},"query-input":{"@type":"PropertyValueSpecification","valueRequired":true,"valueName":"search_term_string"}}],"inLanguage":"it-IT"},{"@type":"Organization","@id":"https:\/\/www.dobbiacocortina.org\/#organization","name":"Toblach - Cortina","url":"https:\/\/www.dobbiacocortina.org\/","logo":{"@type":"ImageObject","inLanguage":"it-IT","@id":"https:\/\/www.dobbiacocortina.org\/#\/schema\/logo\/image\/","url":"https:\/\/www.dobbiacocortina.org\/wp-content\/uploads\/Logo-Toblach_Cortina.png","contentUrl":"https:\/\/www.dobbiacocortina.org\/wp-content\/uploads\/Logo-Toblach_Cortina.png","width":300,"height":300,"caption":"Toblach - Cortina"},"image":{"@id":"https:\/\/www.dobbiacocortina.org\/#\/schema\/logo\/image\/"},"sameAs":["https:\/\/www.facebook.com\/toblach.cortina\/","https:\/\/x.com\/toblachcortina","https:\/\/www.instagram.com\/dobbiacocortina\/"]}]}},"_links":{"self":[{"href":"https:\/\/www.dobbiacocortina.org\/it\/wp-json\/wp\/v2\/pages\/2258","targetHints":{"allow":["GET"]}}],"collection":[{"href":"https:\/\/www.dobbiacocortina.org\/it\/wp-json\/wp\/v2\/pages"}],"about":[{"href":"https:\/\/www.dobbiacocortina.org\/it\/wp-json\/wp\/v2\/types\/page"}],"author":[{"embeddable":true,"href":"https:\/\/www.dobbiacocortina.org\/it\/wp-json\/wp\/v2\/users\/1"}],"replies":[{"embeddable":true,"href":"https:\/\/www.dobbiacocortina.org\/it\/wp-json\/wp\/v2\/comments?post=2258"}],"version-history":[{"count":5,"href":"https:\/\/www.dobbiacocortina.org\/it\/wp-json\/wp\/v2\/pages\/2258\/revisions"}],"predecessor-version":[{"id":8111,"href":"https:\/\/www.dobbiacocortina.org\/it\/wp-json\/wp\/v2\/pages\/2258\/revisions\/8111"}],"wp:attachment":[{"href":"https:\/\/www.dobbiacocortina.org\/it\/wp-json\/wp\/v2\/media?parent=2258"}],"curies":[{"name":"wp","href":"https:\/\/api.w.org\/{rel}","templated":true}]}}