{"id":2384,"date":"2021-07-01T13:36:42","date_gmt":"2021-07-01T11:36:42","guid":{"rendered":"https:\/\/www.dobbiacocortina.org\/?page_id=2384"},"modified":"2021-09-17T16:30:39","modified_gmt":"2021-09-17T14:30:39","slug":"storia","status":"publish","type":"page","link":"https:\/\/www.dobbiacocortina.org\/it\/storia\/","title":{"rendered":"Storia"},"content":{"rendered":"\t\t<div data-elementor-type=\"wp-page\" data-elementor-id=\"2384\" class=\"elementor elementor-2384 elementor-1515\">\n\t\t\t\t\t\t<section class=\"elementor-section elementor-top-section elementor-element elementor-element-dd4fb4a elementor-section-height-min-height elementor-section-boxed elementor-section-height-default elementor-section-items-middle\" data-id=\"dd4fb4a\" data-element_type=\"section\" data-settings=\"{&quot;jet_parallax_layout_list&quot;:[{&quot;jet_parallax_layout_image&quot;:{&quot;url&quot;:&quot;&quot;,&quot;id&quot;:&quot;&quot;,&quot;size&quot;:&quot;&quot;},&quot;_id&quot;:&quot;44f46e3&quot;,&quot;jet_parallax_layout_speed&quot;:{&quot;unit&quot;:&quot;%&quot;,&quot;size&quot;:&quot;50&quot;,&quot;sizes&quot;:[]},&quot;jet_parallax_layout_bg_x&quot;:&quot;50&quot;,&quot;jet_parallax_layout_bg_y&quot;:&quot;50&quot;,&quot;jet_parallax_layout_image_tablet&quot;:{&quot;url&quot;:&quot;&quot;,&quot;id&quot;:&quot;&quot;,&quot;size&quot;:&quot;&quot;},&quot;jet_parallax_layout_image_mobile&quot;:{&quot;url&quot;:&quot;&quot;,&quot;id&quot;:&quot;&quot;,&quot;size&quot;:&quot;&quot;},&quot;jet_parallax_layout_type&quot;:&quot;scroll&quot;,&quot;jet_parallax_layout_direction&quot;:&quot;1&quot;,&quot;jet_parallax_layout_fx_direction&quot;:null,&quot;jet_parallax_layout_z_index&quot;:&quot;&quot;,&quot;jet_parallax_layout_bg_x_tablet&quot;:&quot;&quot;,&quot;jet_parallax_layout_bg_x_mobile&quot;:&quot;&quot;,&quot;jet_parallax_layout_bg_y_tablet&quot;:&quot;&quot;,&quot;jet_parallax_layout_bg_y_mobile&quot;:&quot;&quot;,&quot;jet_parallax_layout_bg_size&quot;:&quot;auto&quot;,&quot;jet_parallax_layout_bg_size_tablet&quot;:&quot;&quot;,&quot;jet_parallax_layout_bg_size_mobile&quot;:&quot;&quot;,&quot;jet_parallax_layout_animation_prop&quot;:&quot;transform&quot;,&quot;jet_parallax_layout_on&quot;:[&quot;desktop&quot;,&quot;tablet&quot;]}],&quot;background_background&quot;:&quot;classic&quot;}\">\n\t\t\t\t\t\t\t<div class=\"elementor-background-overlay\"><\/div>\n\t\t\t\t\t\t\t<div class=\"elementor-container elementor-column-gap-default\">\n\t\t\t\t\t<div class=\"elementor-column elementor-col-100 elementor-top-column elementor-element elementor-element-b92f124\" data-id=\"b92f124\" data-element_type=\"column\">\n\t\t\t<div class=\"elementor-widget-wrap elementor-element-populated\">\n\t\t\t\t\t\t<div class=\"elementor-element elementor-element-403643e elementor-mobile-align-left elementor-align-left elementor-widget elementor-widget-raven-heading\" data-id=\"403643e\" data-element_type=\"widget\" data-widget_type=\"raven-heading.default\">\n\t\t\t\t<div class=\"elementor-widget-container\">\n\t\t\t\t\t\t\t<div class=\"raven-widget-wrapper\"><h1 class=\"raven-heading raven-heading-h1\"><span class=\"raven-heading-title \">Storia<\/span><\/h1><\/div>\r\n\t\t\t\t\t\t<\/div>\n\t\t\t\t<\/div>\n\t\t\t\t\t<\/div>\n\t\t<\/div>\n\t\t\t\t\t<\/div>\n\t\t<\/section>\n\t\t\t\t<section class=\"elementor-section elementor-top-section elementor-element elementor-element-3919fcd elementor-section-boxed elementor-section-height-default elementor-section-height-default\" data-id=\"3919fcd\" data-element_type=\"section\" data-settings=\"{&quot;jet_parallax_layout_list&quot;:[{&quot;jet_parallax_layout_image&quot;:{&quot;url&quot;:&quot;&quot;,&quot;id&quot;:&quot;&quot;,&quot;size&quot;:&quot;&quot;},&quot;_id&quot;:&quot;96b9732&quot;,&quot;jet_parallax_layout_speed&quot;:{&quot;unit&quot;:&quot;%&quot;,&quot;size&quot;:&quot;50&quot;,&quot;sizes&quot;:[]},&quot;jet_parallax_layout_bg_x&quot;:&quot;50&quot;,&quot;jet_parallax_layout_bg_y&quot;:&quot;50&quot;,&quot;jet_parallax_layout_image_tablet&quot;:{&quot;url&quot;:&quot;&quot;,&quot;id&quot;:&quot;&quot;,&quot;size&quot;:&quot;&quot;},&quot;jet_parallax_layout_image_mobile&quot;:{&quot;url&quot;:&quot;&quot;,&quot;id&quot;:&quot;&quot;,&quot;size&quot;:&quot;&quot;},&quot;jet_parallax_layout_type&quot;:&quot;scroll&quot;,&quot;jet_parallax_layout_direction&quot;:&quot;1&quot;,&quot;jet_parallax_layout_fx_direction&quot;:null,&quot;jet_parallax_layout_z_index&quot;:&quot;&quot;,&quot;jet_parallax_layout_bg_x_tablet&quot;:&quot;&quot;,&quot;jet_parallax_layout_bg_x_mobile&quot;:&quot;&quot;,&quot;jet_parallax_layout_bg_y_tablet&quot;:&quot;&quot;,&quot;jet_parallax_layout_bg_y_mobile&quot;:&quot;&quot;,&quot;jet_parallax_layout_bg_size&quot;:&quot;auto&quot;,&quot;jet_parallax_layout_bg_size_tablet&quot;:&quot;&quot;,&quot;jet_parallax_layout_bg_size_mobile&quot;:&quot;&quot;,&quot;jet_parallax_layout_animation_prop&quot;:&quot;transform&quot;,&quot;jet_parallax_layout_on&quot;:[&quot;desktop&quot;,&quot;tablet&quot;]}]}\">\n\t\t\t\t\t\t<div class=\"elementor-container elementor-column-gap-default\">\n\t\t\t\t\t<div class=\"elementor-column elementor-col-100 elementor-top-column elementor-element elementor-element-97cc767\" data-id=\"97cc767\" data-element_type=\"column\">\n\t\t\t<div class=\"elementor-widget-wrap elementor-element-populated\">\n\t\t\t\t\t\t<div class=\"elementor-element elementor-element-0ae1210 elementor-tablet-align-left elementor-align-left elementor-widget elementor-widget-raven-heading\" data-id=\"0ae1210\" data-element_type=\"widget\" data-widget_type=\"raven-heading.default\">\n\t\t\t\t<div class=\"elementor-widget-container\">\n\t\t\t\t\t\t\t<div class=\"raven-widget-wrapper\"><h2 class=\"raven-heading raven-heading-h2\"><span class=\"raven-heading-title \">Dal 1977 ...<\/span><\/h2><\/div>\r\n\t\t\t\t\t\t<\/div>\n\t\t\t\t<\/div>\n\t\t\t\t<div class=\"elementor-element elementor-element-2f2a5fea elementor-tablet-align-left elementor-align-left elementor-widget elementor-widget-raven-heading\" data-id=\"2f2a5fea\" data-element_type=\"widget\" data-widget_type=\"raven-heading.default\">\n\t\t\t\t<div class=\"elementor-widget-container\">\n\t\t\t\t\t\t\t<div class=\"raven-widget-wrapper\"><h3 class=\"raven-heading raven-heading-h3\"><span class=\"raven-heading-title \">La grande classica<\/span><\/h3><\/div>\r\n\t\t\t\t\t\t<\/div>\n\t\t\t\t<\/div>\n\t\t\t\t<div class=\"elementor-element elementor-element-14d2fc8 elementor-widget elementor-widget-text-editor\" data-id=\"14d2fc8\" data-element_type=\"widget\" data-widget_type=\"text-editor.default\">\n\t\t\t\t<div class=\"elementor-widget-container\">\n\t\t\t\t\t\t\t\t\t<p>La storica Granfondo Dobbiaco-Cortina si svolge dal <strong>1977<\/strong> ed \u00e8, dopo la Marcialonga, <strong>la seconda Granfondo pi\u00f9 grande in Italia<\/strong>, ha raggiunto fama internazionale ospitando il Tour de Ski nel 2010 sul tracciato da Cortina a Dobbiaco. Dal 2016 al 2021 la Granfondo \u00e8 stata una delle tappe di Visma Skiclassics, circuito per team professionisti, grazie al quale \u00e8 stata scoperta da molti appassionati scandinavi.<\/p><p><strong>La lunga storia della Granfondo Dobbiaco Cortina nacque il 3 aprile 1977<\/strong> dopo un\u2019abbondante nevicata. L\u2019ex sciatore olimpico Alfredo \u201cFredy\u201d Dibona propose all\u2019attuale presidente del comitato organizzatore Herbert Santer di fare una gara di fondo e da allora nutriti gruppi di sportivi e amici di Dobbiaco e Cortina si occupano ogni anno di rinnovare l\u2019incanto di un evento che non \u00e8 solo sport, ma anche \u00e8 simbolo dei legami storici e geografici fra le due comunit\u00e0 dolomitiche di Dobbiaco e Cortina.<\/p><p>La prima edizione venne organizzata in tempi brevissimi e con un percorso diverso ed accorciato rispetto a quello che conosciamo oggi. Parteciparono 243 concorrenti e la vittoria and\u00f2 all\u2019ampezzana <strong>Carla Alver\u00e0<\/strong> e ad un allora semisconosciuto <strong>Maurilio De Zolt.<\/strong> Dalla seconda edizione si decise di portare il traguardo al cospetto del campanile di Cortina, e le partecipazioni abbondarono, tanto che i comuni ritennero opportuno effettuare alcune migliorie al tracciato per garantire un perfetto svolgimento della gara.<\/p><p>Il traguardo della Dobbiaco-Cortina ha visto \u201cpassare\u201d negli anni personaggi del calibro di Maria Canins (7 vittorie dal 1980 al 1992) e di Maurilio De Zolt (6 vittorie dal 1977 al 1997) e di molti altri atleti di spessore; qui ne citiamo alcuni, consapevoli che molti altri li stiamo trascurando, per questo vi invitiamo a visitare la pagina <a href=\"\/it\/albo-doro-senatori\/\"><strong>albo d\u2019oro<\/strong><\/a>: Manuela Di Centa, Bice Vanzetta, Magda Geniun, Veronica De Martin Pinter (4 vittorie), Eugenia Bitchougova (10 vittorie), Stephanie Santer e poi Giorgio Vanzetta, Giuseppe Ploner, Silvano Barco, Gaudenzio Godioz, Faustino Bordiga, Juan Jes\u00fas Guti\u00e9rrez, Maurizio Pozzi (3 vittorie), Renato Pasini, Bruno Debertolis (3 vittorie), per arrivare alle pi\u00f9 recenti edizioni con i fuoriclasse scandinavi: la svedese Britta Johansson Norgren e il norvegese Tord Asle Gjerdalen (3 vittorie).<\/p>\t\t\t\t\t\t\t\t<\/div>\n\t\t\t\t<\/div>\n\t\t\t\t<div class=\"elementor-element elementor-element-3722478 elementor-widget elementor-widget-image\" data-id=\"3722478\" data-element_type=\"widget\" data-widget_type=\"image.default\">\n\t\t\t\t<div class=\"elementor-widget-container\">\n\t\t\t\t\t\t\t\t\t\t\t\t\t\t\t\t<a href=\"https:\/\/www.dobbiacocortina.org\/wp-content\/uploads\/dobbiaco-cortina-storia1.jpg\" data-elementor-open-lightbox=\"yes\" data-elementor-lightbox-title=\"dobbiaco-cortina-storia1\" data-e-action-hash=\"#elementor-action%3Aaction%3Dlightbox%26settings%3DeyJpZCI6MTk0NywidXJsIjoiaHR0cHM6XC9cL3d3dy5kb2JiaWFjb2NvcnRpbmEub3JnXC93cC1jb250ZW50XC91cGxvYWRzXC9kb2JiaWFjby1jb3J0aW5hLXN0b3JpYTEuanBnIn0%3D\">\n\t\t\t\t\t\t\t<img fetchpriority=\"high\" decoding=\"async\" width=\"800\" height=\"1200\" src=\"https:\/\/www.dobbiacocortina.org\/wp-content\/uploads\/dobbiaco-cortina-storia1.jpg\" class=\"attachment-large size-large wp-image-1947\" alt=\"\" srcset=\"https:\/\/www.dobbiacocortina.org\/wp-content\/uploads\/dobbiaco-cortina-storia1.jpg 800w, https:\/\/www.dobbiacocortina.org\/wp-content\/uploads\/dobbiaco-cortina-storia1-100x150.jpg 100w, https:\/\/www.dobbiacocortina.org\/wp-content\/uploads\/dobbiaco-cortina-storia1-768x1152.jpg 768w\" sizes=\"(max-width: 800px) 100vw, 800px\" \/>\t\t\t\t\t\t\t\t<\/a>\n\t\t\t\t\t\t\t\t\t\t\t\t\t\t\t<\/div>\n\t\t\t\t<\/div>\n\t\t\t\t<div class=\"elementor-element elementor-element-b6cc519 elementor-widget elementor-widget-image\" data-id=\"b6cc519\" data-element_type=\"widget\" data-widget_type=\"image.default\">\n\t\t\t\t<div class=\"elementor-widget-container\">\n\t\t\t\t\t\t\t\t\t\t\t\t\t\t\t\t<a href=\"https:\/\/www.dobbiacocortina.org\/wp-content\/uploads\/dobbiaco-cortina-storia2.jpg\" data-elementor-open-lightbox=\"yes\" data-elementor-lightbox-title=\"dobbiaco-cortina-storia2\" data-e-action-hash=\"#elementor-action%3Aaction%3Dlightbox%26settings%3DeyJpZCI6MTk1MCwidXJsIjoiaHR0cHM6XC9cL3d3dy5kb2JiaWFjb2NvcnRpbmEub3JnXC93cC1jb250ZW50XC91cGxvYWRzXC9kb2JiaWFjby1jb3J0aW5hLXN0b3JpYTIuanBnIn0%3D\">\n\t\t\t\t\t\t\t<img decoding=\"async\" width=\"800\" height=\"1200\" src=\"https:\/\/www.dobbiacocortina.org\/wp-content\/uploads\/dobbiaco-cortina-storia2.jpg\" class=\"attachment-large size-large wp-image-1950\" alt=\"\" srcset=\"https:\/\/www.dobbiacocortina.org\/wp-content\/uploads\/dobbiaco-cortina-storia2.jpg 800w, https:\/\/www.dobbiacocortina.org\/wp-content\/uploads\/dobbiaco-cortina-storia2-100x150.jpg 100w, https:\/\/www.dobbiacocortina.org\/wp-content\/uploads\/dobbiaco-cortina-storia2-768x1152.jpg 768w\" sizes=\"(max-width: 800px) 100vw, 800px\" \/>\t\t\t\t\t\t\t\t<\/a>\n\t\t\t\t\t\t\t\t\t\t\t\t\t\t\t<\/div>\n\t\t\t\t<\/div>\n\t\t\t\t<div class=\"elementor-element elementor-element-137fe31 elementor-widget elementor-widget-text-editor\" data-id=\"137fe31\" data-element_type=\"widget\" data-widget_type=\"text-editor.default\">\n\t\t\t\t<div class=\"elementor-widget-container\">\n\t\t\t\t\t\t\t\t\t<p>C\u2019\u00e8 chi, pi\u00f9 di tutti, \u00e8 affezionato alla Dobbiaco-Cortina, si tratta dei quattro mitici <a style=\"background-color: #ffffff;\" href=\"\/it\/albo-doro-senatori\/\"><strong>\u201csenatori\u201d<\/strong><\/a> che hanno partecipato a tutte le edizioni finora disputate: Sergio Bachmann di Cortina, Vittorio Dall\u2019O di Piacenza, Giuseppe Floridia di Borca di Cadore e Hansj\u00f6rg Bergmann di Dobbiaco.<\/p><p>Il tracciato tradizionale della 42 km in tecnica classica percorre<strong> la vecchia ferrovia delle Dolomiti<\/strong>, che venne costruita durante la Prima Guerra Mondiale e dismessa nel 1962. La sede dei binari del rimpianto trenino blu \u00e8 diventata luogo di eventi e attivit\u00e0 sportive, grazie anche alle pendenze costanti e alle bellezze naturalistiche e architettoniche: boschi, laghi, ponti, gallerie e vecchie stazioni, circondate da cime Dolomitiche popolari e affascinanti.<\/p><p>Nel corso degli anni varie esigenze tecniche e di evoluzione dello sci di fondo hanno portato al trasferimento del traguardo in stazione a Cortina e all\u2019inserimento di una nuova gara in calendario, <strong>dal 2007 la Granfondo propone agli appassionati la gara in tecnica libera \/ skating<\/strong>. Le due gare della Dobbiaco Cortina si svolgono in giorni diversi, questo permette agli appassionati delle lunghe distanze di partecipare ad entrambe le prove.<\/p>\t\t\t\t\t\t\t\t<\/div>\n\t\t\t\t<\/div>\n\t\t\t\t\t<\/div>\n\t\t<\/div>\n\t\t\t\t\t<\/div>\n\t\t<\/section>\n\t\t\t\t<\/div>\n\t\t","protected":false},"excerpt":{"rendered":"<p>Storia Dal 1977 &#8230; La grande classica La storica Granfondo Dobbiaco-Cortina si svolge dal 1977 ed \u00e8, dopo la Marcialonga, la seconda Granfondo pi\u00f9 grande in Italia, ha raggiunto fama internazionale ospitando il Tour de Ski nel 2010 sul tracciato da Cortina a Dobbiaco. Dal 2016 al 2021 la Granfondo \u00e8 stata una delle tappe [&hellip;]<\/p>\n","protected":false},"author":1,"featured_media":0,"parent":0,"menu_order":0,"comment_status":"closed","ping_status":"closed","template":"elementor_header_footer","meta":{"_acf_changed":false,"footnotes":""},"class_list":["post-2384","page","type-page","status-publish","hentry"],"acf":[],"yoast_head":"<!-- This site is optimized with the Yoast SEO plugin v27.5 - https:\/\/yoast.com\/product\/yoast-seo-wordpress\/ -->\n<title>Storia - Granfondo Dobbiaco Cortina Classic Skating<\/title>\n<meta name=\"description\" content=\"La storica Granfondo Dobbiaco-Cortina si svolge dal 1977 ed \u00e8, dopo la Marcialonga, la seconda Granfondo pi\u00f9 grande in Italia.\" \/>\n<meta name=\"robots\" content=\"index, follow, max-snippet:-1, max-image-preview:large, max-video-preview:-1\" \/>\n<link rel=\"canonical\" href=\"https:\/\/www.dobbiacocortina.org\/it\/storia\/\" \/>\n<meta property=\"og:locale\" content=\"it_IT\" \/>\n<meta property=\"og:type\" content=\"article\" \/>\n<meta property=\"og:title\" content=\"Storia - Granfondo Dobbiaco Cortina Classic Skating\" \/>\n<meta property=\"og:description\" content=\"La storica Granfondo Dobbiaco-Cortina si svolge dal 1977 ed \u00e8, dopo la Marcialonga, la seconda Granfondo pi\u00f9 grande in Italia.\" \/>\n<meta property=\"og:url\" content=\"https:\/\/www.dobbiacocortina.org\/it\/storia\/\" \/>\n<meta property=\"og:site_name\" content=\"Granfondo Dobbiaco Cortina Classic Skating\" \/>\n<meta property=\"article:publisher\" content=\"https:\/\/www.facebook.com\/toblach.cortina\/\" \/>\n<meta property=\"article:modified_time\" content=\"2021-09-17T14:30:39+00:00\" \/>\n<meta property=\"og:image\" content=\"https:\/\/www.dobbiacocortina.org\/wp-content\/uploads\/dobbiaco-cortina-storia1.jpg\" \/>\n<meta name=\"twitter:card\" content=\"summary_large_image\" \/>\n<meta name=\"twitter:site\" content=\"@toblachcortina\" \/>\n<meta name=\"twitter:label1\" content=\"Tempo di lettura stimato\" \/>\n\t<meta name=\"twitter:data1\" content=\"3 minuti\" \/>\n<script type=\"application\/ld+json\" class=\"yoast-schema-graph\">{\"@context\":\"https:\\\/\\\/schema.org\",\"@graph\":[{\"@type\":\"WebPage\",\"@id\":\"https:\\\/\\\/www.dobbiacocortina.org\\\/it\\\/storia\\\/\",\"url\":\"https:\\\/\\\/www.dobbiacocortina.org\\\/it\\\/storia\\\/\",\"name\":\"Storia - Granfondo Dobbiaco Cortina Classic Skating\",\"isPartOf\":{\"@id\":\"https:\\\/\\\/www.dobbiacocortina.org\\\/#website\"},\"primaryImageOfPage\":{\"@id\":\"https:\\\/\\\/www.dobbiacocortina.org\\\/it\\\/storia\\\/#primaryimage\"},\"image\":{\"@id\":\"https:\\\/\\\/www.dobbiacocortina.org\\\/it\\\/storia\\\/#primaryimage\"},\"thumbnailUrl\":\"https:\\\/\\\/www.dobbiacocortina.org\\\/wp-content\\\/uploads\\\/dobbiaco-cortina-storia1.jpg\",\"datePublished\":\"2021-07-01T11:36:42+00:00\",\"dateModified\":\"2021-09-17T14:30:39+00:00\",\"description\":\"La storica Granfondo Dobbiaco-Cortina si svolge dal 1977 ed \u00e8, dopo la Marcialonga, la seconda Granfondo pi\u00f9 grande in Italia.\",\"breadcrumb\":{\"@id\":\"https:\\\/\\\/www.dobbiacocortina.org\\\/it\\\/storia\\\/#breadcrumb\"},\"inLanguage\":\"it-IT\",\"potentialAction\":[{\"@type\":\"ReadAction\",\"target\":[\"https:\\\/\\\/www.dobbiacocortina.org\\\/it\\\/storia\\\/\"]}]},{\"@type\":\"ImageObject\",\"inLanguage\":\"it-IT\",\"@id\":\"https:\\\/\\\/www.dobbiacocortina.org\\\/it\\\/storia\\\/#primaryimage\",\"url\":\"https:\\\/\\\/www.dobbiacocortina.org\\\/wp-content\\\/uploads\\\/dobbiaco-cortina-storia1.jpg\",\"contentUrl\":\"https:\\\/\\\/www.dobbiacocortina.org\\\/wp-content\\\/uploads\\\/dobbiaco-cortina-storia1.jpg\"},{\"@type\":\"BreadcrumbList\",\"@id\":\"https:\\\/\\\/www.dobbiacocortina.org\\\/it\\\/storia\\\/#breadcrumb\",\"itemListElement\":[{\"@type\":\"ListItem\",\"position\":1,\"name\":\"Startseite\",\"item\":\"https:\\\/\\\/www.dobbiacocortina.org\\\/it\\\/\"},{\"@type\":\"ListItem\",\"position\":2,\"name\":\"Storia\"}]},{\"@type\":\"WebSite\",\"@id\":\"https:\\\/\\\/www.dobbiacocortina.org\\\/#website\",\"url\":\"https:\\\/\\\/www.dobbiacocortina.org\\\/\",\"name\":\"Dobbiaco Cortina\",\"description\":\"\",\"publisher\":{\"@id\":\"https:\\\/\\\/www.dobbiacocortina.org\\\/#organization\"},\"potentialAction\":[{\"@type\":\"SearchAction\",\"target\":{\"@type\":\"EntryPoint\",\"urlTemplate\":\"https:\\\/\\\/www.dobbiacocortina.org\\\/?s={search_term_string}\"},\"query-input\":{\"@type\":\"PropertyValueSpecification\",\"valueRequired\":true,\"valueName\":\"search_term_string\"}}],\"inLanguage\":\"it-IT\"},{\"@type\":\"Organization\",\"@id\":\"https:\\\/\\\/www.dobbiacocortina.org\\\/#organization\",\"name\":\"Toblach - Cortina\",\"url\":\"https:\\\/\\\/www.dobbiacocortina.org\\\/\",\"logo\":{\"@type\":\"ImageObject\",\"inLanguage\":\"it-IT\",\"@id\":\"https:\\\/\\\/www.dobbiacocortina.org\\\/#\\\/schema\\\/logo\\\/image\\\/\",\"url\":\"https:\\\/\\\/www.dobbiacocortina.org\\\/wp-content\\\/uploads\\\/Logo-Toblach_Cortina.png\",\"contentUrl\":\"https:\\\/\\\/www.dobbiacocortina.org\\\/wp-content\\\/uploads\\\/Logo-Toblach_Cortina.png\",\"width\":300,\"height\":300,\"caption\":\"Toblach - Cortina\"},\"image\":{\"@id\":\"https:\\\/\\\/www.dobbiacocortina.org\\\/#\\\/schema\\\/logo\\\/image\\\/\"},\"sameAs\":[\"https:\\\/\\\/www.facebook.com\\\/toblach.cortina\\\/\",\"https:\\\/\\\/x.com\\\/toblachcortina\",\"https:\\\/\\\/www.instagram.com\\\/dobbiacocortina\\\/\"]}]}<\/script>\n<!-- \/ Yoast SEO plugin. -->","yoast_head_json":{"title":"Storia - Granfondo Dobbiaco Cortina Classic Skating","description":"La storica Granfondo Dobbiaco-Cortina si svolge dal 1977 ed \u00e8, dopo la Marcialonga, la seconda Granfondo pi\u00f9 grande in Italia.","robots":{"index":"index","follow":"follow","max-snippet":"max-snippet:-1","max-image-preview":"max-image-preview:large","max-video-preview":"max-video-preview:-1"},"canonical":"https:\/\/www.dobbiacocortina.org\/it\/storia\/","og_locale":"it_IT","og_type":"article","og_title":"Storia - Granfondo Dobbiaco Cortina Classic Skating","og_description":"La storica Granfondo Dobbiaco-Cortina si svolge dal 1977 ed \u00e8, dopo la Marcialonga, la seconda Granfondo pi\u00f9 grande in Italia.","og_url":"https:\/\/www.dobbiacocortina.org\/it\/storia\/","og_site_name":"Granfondo Dobbiaco Cortina Classic Skating","article_publisher":"https:\/\/www.facebook.com\/toblach.cortina\/","article_modified_time":"2021-09-17T14:30:39+00:00","og_image":[{"url":"https:\/\/www.dobbiacocortina.org\/wp-content\/uploads\/dobbiaco-cortina-storia1.jpg","type":"","width":"","height":""}],"twitter_card":"summary_large_image","twitter_site":"@toblachcortina","twitter_misc":{"Tempo di lettura stimato":"3 minuti"},"schema":{"@context":"https:\/\/schema.org","@graph":[{"@type":"WebPage","@id":"https:\/\/www.dobbiacocortina.org\/it\/storia\/","url":"https:\/\/www.dobbiacocortina.org\/it\/storia\/","name":"Storia - Granfondo Dobbiaco Cortina Classic Skating","isPartOf":{"@id":"https:\/\/www.dobbiacocortina.org\/#website"},"primaryImageOfPage":{"@id":"https:\/\/www.dobbiacocortina.org\/it\/storia\/#primaryimage"},"image":{"@id":"https:\/\/www.dobbiacocortina.org\/it\/storia\/#primaryimage"},"thumbnailUrl":"https:\/\/www.dobbiacocortina.org\/wp-content\/uploads\/dobbiaco-cortina-storia1.jpg","datePublished":"2021-07-01T11:36:42+00:00","dateModified":"2021-09-17T14:30:39+00:00","description":"La storica Granfondo Dobbiaco-Cortina si svolge dal 1977 ed \u00e8, dopo la Marcialonga, la seconda Granfondo pi\u00f9 grande in Italia.","breadcrumb":{"@id":"https:\/\/www.dobbiacocortina.org\/it\/storia\/#breadcrumb"},"inLanguage":"it-IT","potentialAction":[{"@type":"ReadAction","target":["https:\/\/www.dobbiacocortina.org\/it\/storia\/"]}]},{"@type":"ImageObject","inLanguage":"it-IT","@id":"https:\/\/www.dobbiacocortina.org\/it\/storia\/#primaryimage","url":"https:\/\/www.dobbiacocortina.org\/wp-content\/uploads\/dobbiaco-cortina-storia1.jpg","contentUrl":"https:\/\/www.dobbiacocortina.org\/wp-content\/uploads\/dobbiaco-cortina-storia1.jpg"},{"@type":"BreadcrumbList","@id":"https:\/\/www.dobbiacocortina.org\/it\/storia\/#breadcrumb","itemListElement":[{"@type":"ListItem","position":1,"name":"Startseite","item":"https:\/\/www.dobbiacocortina.org\/it\/"},{"@type":"ListItem","position":2,"name":"Storia"}]},{"@type":"WebSite","@id":"https:\/\/www.dobbiacocortina.org\/#website","url":"https:\/\/www.dobbiacocortina.org\/","name":"Dobbiaco Cortina","description":"","publisher":{"@id":"https:\/\/www.dobbiacocortina.org\/#organization"},"potentialAction":[{"@type":"SearchAction","target":{"@type":"EntryPoint","urlTemplate":"https:\/\/www.dobbiacocortina.org\/?s={search_term_string}"},"query-input":{"@type":"PropertyValueSpecification","valueRequired":true,"valueName":"search_term_string"}}],"inLanguage":"it-IT"},{"@type":"Organization","@id":"https:\/\/www.dobbiacocortina.org\/#organization","name":"Toblach - Cortina","url":"https:\/\/www.dobbiacocortina.org\/","logo":{"@type":"ImageObject","inLanguage":"it-IT","@id":"https:\/\/www.dobbiacocortina.org\/#\/schema\/logo\/image\/","url":"https:\/\/www.dobbiacocortina.org\/wp-content\/uploads\/Logo-Toblach_Cortina.png","contentUrl":"https:\/\/www.dobbiacocortina.org\/wp-content\/uploads\/Logo-Toblach_Cortina.png","width":300,"height":300,"caption":"Toblach - Cortina"},"image":{"@id":"https:\/\/www.dobbiacocortina.org\/#\/schema\/logo\/image\/"},"sameAs":["https:\/\/www.facebook.com\/toblach.cortina\/","https:\/\/x.com\/toblachcortina","https:\/\/www.instagram.com\/dobbiacocortina\/"]}]}},"_links":{"self":[{"href":"https:\/\/www.dobbiacocortina.org\/it\/wp-json\/wp\/v2\/pages\/2384","targetHints":{"allow":["GET"]}}],"collection":[{"href":"https:\/\/www.dobbiacocortina.org\/it\/wp-json\/wp\/v2\/pages"}],"about":[{"href":"https:\/\/www.dobbiacocortina.org\/it\/wp-json\/wp\/v2\/types\/page"}],"author":[{"embeddable":true,"href":"https:\/\/www.dobbiacocortina.org\/it\/wp-json\/wp\/v2\/users\/1"}],"replies":[{"embeddable":true,"href":"https:\/\/www.dobbiacocortina.org\/it\/wp-json\/wp\/v2\/comments?post=2384"}],"version-history":[{"count":0,"href":"https:\/\/www.dobbiacocortina.org\/it\/wp-json\/wp\/v2\/pages\/2384\/revisions"}],"wp:attachment":[{"href":"https:\/\/www.dobbiacocortina.org\/it\/wp-json\/wp\/v2\/media?parent=2384"}],"curies":[{"name":"wp","href":"https:\/\/api.w.org\/{rel}","templated":true}]}}